{"id":427,"date":"2022-04-18T12:35:29","date_gmt":"2022-04-18T12:35:29","guid":{"rendered":"https:\/\/demo.creativethemes.com\/blocksy\/home-decor\/?post_type=product&#038;p=427"},"modified":"2025-08-14T23:23:29","modified_gmt":"2025-08-14T23:23:29","slug":"egestas-purus","status":"publish","type":"product","link":"https:\/\/mueblesbauhaus.com\/index.php\/product\/egestas-purus\/","title":{"rendered":"Bosko"},"content":{"rendered":"<p data-start=\"133\" data-end=\"775\"><strong data-start=\"133\" data-end=\"149\">Bosko <\/strong>es una pieza de dise\u00f1o excepcional que fusiona elegancia y naturaleza en su m\u00e1xima expresi\u00f3n. Fabricada con MDF de alta calidad, un n\u00facleo de pol\u00edmero y refuerzos en listones de madera, la puerta Bosko ofrece una durabilidad incomparable y una est\u00e9tica pulida. Su grabado en relieve, que evoca la forma de un \u00e1rbol, simboliza el crecimiento y la armon\u00eda, aportando un toque de sofisticaci\u00f3n y serenidad al ambiente. Perfecta para interiores modernos, esta puerta no solo act\u00faa como un acceso funcional, sino que se convierte en un elemento decorativo que transforma cualquier espacio en un entorno elegante y lleno de car\u00e1cter.<\/p>\n<p data-start=\"777\" data-end=\"797\"><strong data-start=\"777\" data-end=\"796\">Caracter\u00edsticas<\/strong>:<\/p>\n<ul data-start=\"798\" data-end=\"1149\">\n<li data-start=\"798\" data-end=\"878\">\n<p data-start=\"800\" data-end=\"878\"><strong data-start=\"800\" data-end=\"812\">Material<\/strong>: MDF de alta calidad con n\u00facleo de pol\u00edmero y refuerzos en madera<\/p>\n<\/li>\n<li data-start=\"879\" data-end=\"969\">\n<p data-start=\"881\" data-end=\"969\"><strong data-start=\"881\" data-end=\"891\">Dise\u00f1o<\/strong>: Grabado en relieve de \u00e1rbol, evocando elegancia y conexi\u00f3n con la naturaleza<\/p>\n<\/li>\n<li data-start=\"970\" data-end=\"1041\">\n<p data-start=\"972\" data-end=\"984\"><strong data-start=\"972\" data-end=\"983\">Medidas<\/strong>:<\/p>\n<ul data-start=\"987\" data-end=\"1041\">\n<li data-start=\"987\" data-end=\"1002\">\n<p data-start=\"989\" data-end=\"1002\">Ancho: 800 mm<\/p>\n<\/li>\n<li data-start=\"1005\" data-end=\"1022\">\n<p data-start=\"1007\" data-end=\"1022\">Altura: 2100 mm<\/p>\n<\/li>\n<li data-start=\"1025\" data-end=\"1041\">\n<p data-start=\"1027\" data-end=\"1041\">Espesor: 36 mm<\/p>\n<\/li>\n<\/ul>\n<\/li>\n<li data-start=\"1042\" data-end=\"1149\">\n<p data-start=\"1044\" data-end=\"1149\"><strong data-start=\"1044\" data-end=\"1060\">Aplicaciones<\/strong>: Ideal para interiores contempor\u00e1neos, proporcionando un toque distintivo y sofisticado.<\/p>\n<\/li>\n<\/ul>\n","protected":false},"excerpt":{"rendered":"<p data-start=\"133\" data-end=\"775\"><strong data-start=\"133\" data-end=\"149\">Bosko<\/strong>: Una pieza de dise\u00f1o excepcional que fusiona elegancia y naturaleza en su m\u00e1xima expresi\u00f3n. Fabricada con MDF de alta calidad, un n\u00facleo de pol\u00edmero y refuerzos en listones de madera, la puerta Bosko ofrece una durabilidad incomparable y una est\u00e9tica pulida. Su grabado en relieve, que evoca la forma de un \u00e1rbol, simboliza el crecimiento y la armon\u00eda, aportando un toque de sofisticaci\u00f3n y serenidad al ambiente. Perfecta para interiores modernos, esta puerta no solo act\u00faa como un acceso funcional, sino que se convierte en un elemento decorativo que transforma cualquier espacio en un entorno elegante y lleno de car\u00e1cter.<\/p>\n<p data-start=\"777\" data-end=\"797\"><strong data-start=\"777\" data-end=\"796\">Caracter\u00edsticas<\/strong>:<\/p>\n<ul data-start=\"798\" data-end=\"1149\">\n<li data-start=\"798\" data-end=\"878\">\n<p data-start=\"800\" data-end=\"878\"><strong data-start=\"800\" data-end=\"812\">Material<\/strong>: MDF de alta calidad con n\u00facleo de pol\u00edmero y refuerzos en madera<\/p>\n<\/li>\n<li data-start=\"879\" data-end=\"969\">\n<p data-start=\"881\" data-end=\"969\"><strong data-start=\"881\" data-end=\"891\">Dise\u00f1o<\/strong>: Grabado en relieve de \u00e1rbol, evocando elegancia y conexi\u00f3n con la naturaleza<\/p>\n<\/li>\n<li data-start=\"970\" data-end=\"1041\">\n<p data-start=\"972\" data-end=\"984\"><strong data-start=\"972\" data-end=\"983\">Medidas<\/strong>:<\/p>\n<ul data-start=\"987\" data-end=\"1041\">\n<li data-start=\"987\" data-end=\"1002\">\n<p data-start=\"989\" data-end=\"1002\">Ancho: 800 mm<\/p>\n<\/li>\n<li data-start=\"1005\" data-end=\"1022\">\n<p data-start=\"1007\" data-end=\"1022\">Altura: 2100 mm<\/p>\n<\/li>\n<li data-start=\"1025\" data-end=\"1041\">\n<p data-start=\"1027\" data-end=\"1041\">Espesor: 36 mm<\/p>\n<\/li>\n<\/ul>\n<\/li>\n<li data-start=\"1042\" data-end=\"1149\">\n<p data-start=\"1044\" data-end=\"1149\"><strong data-start=\"1044\" data-end=\"1060\">Aplicaciones<\/strong>: Ideal para interiores contempor\u00e1neos, proporcionando un toque distintivo y sofisticado.<\/p>\n<\/li>\n<\/ul>\n","protected":false},"featured_media":826,"comment_status":"open","ping_status":"closed","template":"","meta":[],"product_brand":[],"product_cat":[28],"product_tag":[],"class_list":{"0":"post-427","1":"product","2":"type-product","3":"status-publish","4":"has-post-thumbnail","6":"product_cat-puertas","8":"first","9":"instock","10":"sale","11":"shipping-taxable","12":"purchasable","13":"product-type-simple"},"jetpack_sharing_enabled":true,"_links":{"self":[{"href":"https:\/\/mueblesbauhaus.com\/index.php\/wp-json\/wp\/v2\/product\/427","targetHints":{"allow":["GET"]}}],"collection":[{"href":"https:\/\/mueblesbauhaus.com\/index.php\/wp-json\/wp\/v2\/product"}],"about":[{"href":"https:\/\/mueblesbauhaus.com\/index.php\/wp-json\/wp\/v2\/types\/product"}],"replies":[{"embeddable":true,"href":"https:\/\/mueblesbauhaus.com\/index.php\/wp-json\/wp\/v2\/comments?post=427"}],"wp:featuredmedia":[{"embeddable":true,"href":"https:\/\/mueblesbauhaus.com\/index.php\/wp-json\/wp\/v2\/media\/826"}],"wp:attachment":[{"href":"https:\/\/mueblesbauhaus.com\/index.php\/wp-json\/wp\/v2\/media?parent=427"}],"wp:term":[{"taxonomy":"product_brand","embeddable":true,"href":"https:\/\/mueblesbauhaus.com\/index.php\/wp-json\/wp\/v2\/product_brand?post=427"},{"taxonomy":"product_cat","embeddable":true,"href":"https:\/\/mueblesbauhaus.com\/index.php\/wp-json\/wp\/v2\/product_cat?post=427"},{"taxonomy":"product_tag","embeddable":true,"href":"https:\/\/mueblesbauhaus.com\/index.php\/wp-json\/wp\/v2\/product_tag?post=427"}],"curies":[{"name":"wp","href":"https:\/\/api.w.org\/{rel}","templated":true}]}}